{"id":66,"date":"2020-08-07T09:44:58","date_gmt":"2020-08-07T09:44:58","guid":{"rendered":"https:\/\/eventosleyton.es\/?page_id=66"},"modified":"2020-08-12T08:46:34","modified_gmt":"2020-08-12T08:46:34","slug":"sobre-mi","status":"publish","type":"page","link":"https:\/\/eventosleyton.es\/index.php\/sobre-mi\/","title":{"rendered":"Sobre Mi"},"content":{"rendered":"\t\t<div data-elementor-type=\"wp-page\" data-elementor-id=\"66\" class=\"elementor elementor-66\" data-elementor-post-type=\"page\">\n\t\t\t\t\t\t<section class=\"elementor-section elementor-top-section elementor-element elementor-element-d34f0a2 elementor-section-boxed elementor-section-height-default elementor-section-height-default\" data-id=\"d34f0a2\" data-element_type=\"section\" data-e-type=\"section\">\n\t\t\t\t\t\t<div class=\"elementor-container elementor-column-gap-default\">\n\t\t\t\t\t<div class=\"elementor-column elementor-col-100 elementor-top-column elementor-element elementor-element-e1428ed\" data-id=\"e1428ed\" data-element_type=\"column\" data-e-type=\"column\">\n\t\t\t<div class=\"elementor-widget-wrap elementor-element-populated\">\n\t\t\t\t\t\t<div class=\"elementor-element elementor-element-71b406f elementor-widget elementor-widget-image\" data-id=\"71b406f\" data-element_type=\"widget\" data-e-type=\"widget\" data-widget_type=\"image.default\">\n\t\t\t\t<div class=\"elementor-widget-container\">\n\t\t\t\t\t\t\t\t\t\t\t\t\t\t\t<img fetchpriority=\"high\" decoding=\"async\" width=\"840\" height=\"420\" src=\"https:\/\/eventosleyton.es\/wp-content\/uploads\/2020\/08\/sobre_mi.jpg\" class=\"attachment-large size-large wp-image-308\" alt=\"\" srcset=\"https:\/\/eventosleyton.es\/wp-content\/uploads\/2020\/08\/sobre_mi.jpg 840w, https:\/\/eventosleyton.es\/wp-content\/uploads\/2020\/08\/sobre_mi-300x150.jpg 300w, https:\/\/eventosleyton.es\/wp-content\/uploads\/2020\/08\/sobre_mi-768x384.jpg 768w\" sizes=\"(max-width: 840px) 100vw, 840px\" \/>\t\t\t\t\t\t\t\t\t\t\t\t\t\t\t<\/div>\n\t\t\t\t<\/div>\n\t\t\t\t<div class=\"elementor-element elementor-element-536dd1a elementor-widget elementor-widget-heading\" data-id=\"536dd1a\" data-element_type=\"widget\" data-e-type=\"widget\" data-widget_type=\"heading.default\">\n\t\t\t\t<div class=\"elementor-widget-container\">\n\t\t\t\t\t<h1 class=\"elementor-heading-title elementor-size-default\">Sobre mi<\/h1>\t\t\t\t<\/div>\n\t\t\t\t<\/div>\n\t\t\t\t<div class=\"elementor-element elementor-element-433cbee elementor-widget elementor-widget-text-editor\" data-id=\"433cbee\" data-element_type=\"widget\" data-e-type=\"widget\" data-widget_type=\"text-editor.default\">\n\t\t\t\t<div class=\"elementor-widget-container\">\n\t\t\t\t\t\t\t\t\t<p><img decoding=\"async\" class=\"size-full wp-image-310 alignleft\" src=\"https:\/\/eventosleyton.es\/wp-content\/uploads\/2020\/08\/portrait.png\" alt=\"\" width=\"176\" height=\"211\" \/>Hola!!!<\/p><p>Soy Coral, tengo 33 a\u00f1os y me apasiona la creatividad, los detalles, la decoraci\u00f3n, escribir\u2026y todo lo que tenga que ver con las cosas bonitas, elegantes, originales, y bien hechas.<\/p><p>Empec\u00e9 en este mundo de los eventos un poco por casualidad, me volqu\u00e9 en la Primera Comuni\u00f3n de mi hijo y en la Boda de mi cu\u00f1ado .<\/p><p>De todo lo que llevaba le\u00eddo, visto y aprendido en los ultimos a\u00f1os, surgi\u00f3 en m\u00ed, la ilusi\u00f3n, el sue\u00f1o incluso el deseo de poder dedicarme al dise\u00f1o y organizaci\u00f3n de eventos de forma profesional.<\/p><p>Por mis estudios \u201cSecretaria de Direcci\u00f3n\u201d, he tenido que organizar y gestionar m\u00e1s de un evento a lo largo de mi carrera profesional, con lo que disfrutaba como una ni\u00f1a, siendo una de las cosas por la que me encantaba mi profesi\u00f3n. Experiencia, que me ha servido bastante para dedicarme a este gran mundillo.<\/p><p>Soy de la escuela de Lunas de Boda, donde aprend\u00ed bastante y adem\u00e1s estoy superagradecida a Caridad Ruiz y Mamen Navarro, por todo lo que me ense\u00f1aron a nivel personal como profesional.<\/p><p>Desde entonces, no he parado de realizar eventos y poco a poco vamos creciendo.<\/p><p>A\u00fan recuerdo cuando empec\u00e9 haciendo cadenetas en un cuartito y nadie cre\u00eda en m\u00ed, as\u00ed que los sue\u00f1os se pueden cumplir, nunca dejar de luchar por los vuestros.<\/p><p>El lema de Eventosleyton es bastante claro:<\/p><p style=\"text-align: center;\"><i id=\"\" class=\"comma fa fa-quote-left\"><\/i>\u00a0Para que todo salga bien, hay que poner el Alma\u00a0<i id=\"\" class=\"comma fa fa-quote-right\"><\/i><\/p><div>\u00a0<\/div><p>As\u00ed que eso es lo que hago en todo momento, poner el Alma\u2026 porque sinceramente de otra forma no s\u00e9 hacerlo.<\/p><p>Al principio pensaba que era una idea loca o descabellada, y hoy en d\u00eda os puedo decir que las ganas que ten\u00eda de llevar acabo mi proyecto, y la lucha\u00a0constante, han sido los dos cimientos mas importante para verlo hechos realidad.<\/p><p><img decoding=\"async\" class=\"size-full wp-image-311 alignright\" src=\"https:\/\/eventosleyton.es\/wp-content\/uploads\/2020\/08\/sello-bodas.net_.jpg\" alt=\"\" width=\"87\" height=\"87\" \/><\/p><p>Formaci\u00f3n , dedicaci\u00f3n, esfuerzo, organizaci\u00f3n, buen gusto, positividad y sobre todo actitud.<\/p><p>Con este c\u00f3ctel de sumandos y un poco de suerte, el resultado ha sido bueno, y adem\u00e1s siempre pienso que pase lo que pase, hasta el momento me merece la pena, porque a pesar de todas las horas que le dedico a cada evento, no hay para m\u00ed, mayor satisfacci\u00f3n que la cara de nuestros novios por ejemplo cuando le entrego sus invitaciones, o cuando ven la puesta en escena el D\u00eda B.<\/p><p>Sinceramente, sentirme como una \u201cHada Madrina\u201d y cumplir vuestros sue\u00f1os es alucinante\u2026<\/p><div>\u00a0<\/div><p>Desde aqu\u00ed, quiero dar las gracias a todas las personas que han confiado en mi, y me han dejado formar parte de sus<img loading=\"lazy\" decoding=\"async\" class=\"size-full wp-image-309 alignright\" src=\"https:\/\/eventosleyton.es\/wp-content\/uploads\/2020\/08\/certif.jpg\" alt=\"\" width=\"87\" height=\"87\" \/> vidas en estos \u00faltimos a\u00f1os\u2026<\/p><p>Ahora, que ya me conoc\u00e9is un poquito mas, os invito a quedaros y a seguir so\u00f1ando conmigo!!!<\/p><p>Un besazo<\/p><p class=\"firma\">Coral Leyton<\/p>\t\t\t\t\t\t\t\t<\/div>\n\t\t\t\t<\/div>\n\t\t\t\t\t<\/div>\n\t\t<\/div>\n\t\t\t\t\t<\/div>\n\t\t<\/section>\n\t\t\t\t<\/div>\n\t\t","protected":false},"excerpt":{"rendered":"<p>Sobre mi Hola!!! Soy Coral, tengo 33 a\u00f1os y me apasiona la creatividad, los detalles, la decoraci\u00f3n, escribir\u2026y todo lo que tenga que ver con las cosas bonitas, elegantes, originales, y bien hechas. Empec\u00e9 en este mundo de los eventos un poco por casualidad, me volqu\u00e9 en la Primera Comuni\u00f3n de mi hijo y en [&hellip;]<\/p>\n","protected":false},"author":1,"featured_media":0,"parent":0,"menu_order":0,"comment_status":"closed","ping_status":"closed","template":"","meta":{"footnotes":""},"class_list":["post-66","page","type-page","status-publish","hentry","entry"],"yoast_head":"<!-- This site is optimized with the Yoast SEO plugin v27.4 - https:\/\/yoast.com\/product\/yoast-seo-wordpress\/ -->\n<title>Sobre Mi - Eventos Leyton<\/title>\n<meta name=\"robots\" content=\"index, follow, max-snippet:-1, max-image-preview:large, max-video-preview:-1\" \/>\n<link rel=\"canonical\" href=\"https:\/\/eventosleyton.es\/index.php\/sobre-mi\/\" \/>\n<meta property=\"og:locale\" content=\"es_ES\" \/>\n<meta property=\"og:type\" content=\"article\" \/>\n<meta property=\"og:title\" content=\"Sobre Mi - Eventos Leyton\" \/>\n<meta property=\"og:description\" content=\"Sobre mi Hola!!! Soy Coral, tengo 33 a\u00f1os y me apasiona la creatividad, los detalles, la decoraci\u00f3n, escribir\u2026y todo lo que tenga que ver con las cosas bonitas, elegantes, originales, y bien hechas. Empec\u00e9 en este mundo de los eventos un poco por casualidad, me volqu\u00e9 en la Primera Comuni\u00f3n de mi hijo y en [&hellip;]\" \/>\n<meta property=\"og:url\" content=\"https:\/\/eventosleyton.es\/index.php\/sobre-mi\/\" \/>\n<meta property=\"og:site_name\" content=\"Eventos Leyton\" \/>\n<meta property=\"article:modified_time\" content=\"2020-08-12T08:46:34+00:00\" \/>\n<meta property=\"og:image\" content=\"https:\/\/eventosleyton.es\/wp-content\/uploads\/2020\/08\/sobre_mi.jpg\" \/>\n<meta name=\"twitter:card\" content=\"summary_large_image\" \/>\n<meta name=\"twitter:label1\" content=\"Tiempo de lectura\" \/>\n\t<meta name=\"twitter:data1\" content=\"2 minutos\" \/>\n<script type=\"application\/ld+json\" class=\"yoast-schema-graph\">{\"@context\":\"https:\\\/\\\/schema.org\",\"@graph\":[{\"@type\":\"WebPage\",\"@id\":\"https:\\\/\\\/eventosleyton.es\\\/index.php\\\/sobre-mi\\\/\",\"url\":\"https:\\\/\\\/eventosleyton.es\\\/index.php\\\/sobre-mi\\\/\",\"name\":\"Sobre Mi - Eventos Leyton\",\"isPartOf\":{\"@id\":\"https:\\\/\\\/eventosleyton.es\\\/#website\"},\"primaryImageOfPage\":{\"@id\":\"https:\\\/\\\/eventosleyton.es\\\/index.php\\\/sobre-mi\\\/#primaryimage\"},\"image\":{\"@id\":\"https:\\\/\\\/eventosleyton.es\\\/index.php\\\/sobre-mi\\\/#primaryimage\"},\"thumbnailUrl\":\"https:\\\/\\\/eventosleyton.es\\\/wp-content\\\/uploads\\\/2020\\\/08\\\/sobre_mi.jpg\",\"datePublished\":\"2020-08-07T09:44:58+00:00\",\"dateModified\":\"2020-08-12T08:46:34+00:00\",\"breadcrumb\":{\"@id\":\"https:\\\/\\\/eventosleyton.es\\\/index.php\\\/sobre-mi\\\/#breadcrumb\"},\"inLanguage\":\"es\",\"potentialAction\":[{\"@type\":\"ReadAction\",\"target\":[\"https:\\\/\\\/eventosleyton.es\\\/index.php\\\/sobre-mi\\\/\"]}]},{\"@type\":\"ImageObject\",\"inLanguage\":\"es\",\"@id\":\"https:\\\/\\\/eventosleyton.es\\\/index.php\\\/sobre-mi\\\/#primaryimage\",\"url\":\"https:\\\/\\\/eventosleyton.es\\\/wp-content\\\/uploads\\\/2020\\\/08\\\/sobre_mi.jpg\",\"contentUrl\":\"https:\\\/\\\/eventosleyton.es\\\/wp-content\\\/uploads\\\/2020\\\/08\\\/sobre_mi.jpg\",\"width\":840,\"height\":420},{\"@type\":\"BreadcrumbList\",\"@id\":\"https:\\\/\\\/eventosleyton.es\\\/index.php\\\/sobre-mi\\\/#breadcrumb\",\"itemListElement\":[{\"@type\":\"ListItem\",\"position\":1,\"name\":\"Home\",\"item\":\"https:\\\/\\\/eventosleyton.es\\\/\"},{\"@type\":\"ListItem\",\"position\":2,\"name\":\"Sobre Mi\"}]},{\"@type\":\"WebSite\",\"@id\":\"https:\\\/\\\/eventosleyton.es\\\/#website\",\"url\":\"https:\\\/\\\/eventosleyton.es\\\/\",\"name\":\"Eventos Leyton\",\"description\":\"Wedding &amp; Party Center\",\"publisher\":{\"@id\":\"https:\\\/\\\/eventosleyton.es\\\/#organization\"},\"potentialAction\":[{\"@type\":\"SearchAction\",\"target\":{\"@type\":\"EntryPoint\",\"urlTemplate\":\"https:\\\/\\\/eventosleyton.es\\\/?s={search_term_string}\"},\"query-input\":{\"@type\":\"PropertyValueSpecification\",\"valueRequired\":true,\"valueName\":\"search_term_string\"}}],\"inLanguage\":\"es\"},{\"@type\":\"Organization\",\"@id\":\"https:\\\/\\\/eventosleyton.es\\\/#organization\",\"name\":\"Eventos Leyton\",\"url\":\"https:\\\/\\\/eventosleyton.es\\\/\",\"logo\":{\"@type\":\"ImageObject\",\"inLanguage\":\"es\",\"@id\":\"https:\\\/\\\/eventosleyton.es\\\/#\\\/schema\\\/logo\\\/image\\\/\",\"url\":\"https:\\\/\\\/eventosleyton.es\\\/wp-content\\\/uploads\\\/2020\\\/08\\\/cropped-logo.png\",\"contentUrl\":\"https:\\\/\\\/eventosleyton.es\\\/wp-content\\\/uploads\\\/2020\\\/08\\\/cropped-logo.png\",\"width\":257,\"height\":200,\"caption\":\"Eventos Leyton\"},\"image\":{\"@id\":\"https:\\\/\\\/eventosleyton.es\\\/#\\\/schema\\\/logo\\\/image\\\/\"}}]}<\/script>\n<!-- \/ Yoast SEO plugin. -->","yoast_head_json":{"title":"Sobre Mi - Eventos Leyton","robots":{"index":"index","follow":"follow","max-snippet":"max-snippet:-1","max-image-preview":"max-image-preview:large","max-video-preview":"max-video-preview:-1"},"canonical":"https:\/\/eventosleyton.es\/index.php\/sobre-mi\/","og_locale":"es_ES","og_type":"article","og_title":"Sobre Mi - Eventos Leyton","og_description":"Sobre mi Hola!!! Soy Coral, tengo 33 a\u00f1os y me apasiona la creatividad, los detalles, la decoraci\u00f3n, escribir\u2026y todo lo que tenga que ver con las cosas bonitas, elegantes, originales, y bien hechas. Empec\u00e9 en este mundo de los eventos un poco por casualidad, me volqu\u00e9 en la Primera Comuni\u00f3n de mi hijo y en [&hellip;]","og_url":"https:\/\/eventosleyton.es\/index.php\/sobre-mi\/","og_site_name":"Eventos Leyton","article_modified_time":"2020-08-12T08:46:34+00:00","og_image":[{"url":"https:\/\/eventosleyton.es\/wp-content\/uploads\/2020\/08\/sobre_mi.jpg","type":"","width":"","height":""}],"twitter_card":"summary_large_image","twitter_misc":{"Tiempo de lectura":"2 minutos"},"schema":{"@context":"https:\/\/schema.org","@graph":[{"@type":"WebPage","@id":"https:\/\/eventosleyton.es\/index.php\/sobre-mi\/","url":"https:\/\/eventosleyton.es\/index.php\/sobre-mi\/","name":"Sobre Mi - Eventos Leyton","isPartOf":{"@id":"https:\/\/eventosleyton.es\/#website"},"primaryImageOfPage":{"@id":"https:\/\/eventosleyton.es\/index.php\/sobre-mi\/#primaryimage"},"image":{"@id":"https:\/\/eventosleyton.es\/index.php\/sobre-mi\/#primaryimage"},"thumbnailUrl":"https:\/\/eventosleyton.es\/wp-content\/uploads\/2020\/08\/sobre_mi.jpg","datePublished":"2020-08-07T09:44:58+00:00","dateModified":"2020-08-12T08:46:34+00:00","breadcrumb":{"@id":"https:\/\/eventosleyton.es\/index.php\/sobre-mi\/#breadcrumb"},"inLanguage":"es","potentialAction":[{"@type":"ReadAction","target":["https:\/\/eventosleyton.es\/index.php\/sobre-mi\/"]}]},{"@type":"ImageObject","inLanguage":"es","@id":"https:\/\/eventosleyton.es\/index.php\/sobre-mi\/#primaryimage","url":"https:\/\/eventosleyton.es\/wp-content\/uploads\/2020\/08\/sobre_mi.jpg","contentUrl":"https:\/\/eventosleyton.es\/wp-content\/uploads\/2020\/08\/sobre_mi.jpg","width":840,"height":420},{"@type":"BreadcrumbList","@id":"https:\/\/eventosleyton.es\/index.php\/sobre-mi\/#breadcrumb","itemListElement":[{"@type":"ListItem","position":1,"name":"Home","item":"https:\/\/eventosleyton.es\/"},{"@type":"ListItem","position":2,"name":"Sobre Mi"}]},{"@type":"WebSite","@id":"https:\/\/eventosleyton.es\/#website","url":"https:\/\/eventosleyton.es\/","name":"Eventos Leyton","description":"Wedding &amp; Party Center","publisher":{"@id":"https:\/\/eventosleyton.es\/#organization"},"potentialAction":[{"@type":"SearchAction","target":{"@type":"EntryPoint","urlTemplate":"https:\/\/eventosleyton.es\/?s={search_term_string}"},"query-input":{"@type":"PropertyValueSpecification","valueRequired":true,"valueName":"search_term_string"}}],"inLanguage":"es"},{"@type":"Organization","@id":"https:\/\/eventosleyton.es\/#organization","name":"Eventos Leyton","url":"https:\/\/eventosleyton.es\/","logo":{"@type":"ImageObject","inLanguage":"es","@id":"https:\/\/eventosleyton.es\/#\/schema\/logo\/image\/","url":"https:\/\/eventosleyton.es\/wp-content\/uploads\/2020\/08\/cropped-logo.png","contentUrl":"https:\/\/eventosleyton.es\/wp-content\/uploads\/2020\/08\/cropped-logo.png","width":257,"height":200,"caption":"Eventos Leyton"},"image":{"@id":"https:\/\/eventosleyton.es\/#\/schema\/logo\/image\/"}}]}},"_links":{"self":[{"href":"https:\/\/eventosleyton.es\/index.php\/wp-json\/wp\/v2\/pages\/66","targetHints":{"allow":["GET"]}}],"collection":[{"href":"https:\/\/eventosleyton.es\/index.php\/wp-json\/wp\/v2\/pages"}],"about":[{"href":"https:\/\/eventosleyton.es\/index.php\/wp-json\/wp\/v2\/types\/page"}],"author":[{"embeddable":true,"href":"https:\/\/eventosleyton.es\/index.php\/wp-json\/wp\/v2\/users\/1"}],"replies":[{"embeddable":true,"href":"https:\/\/eventosleyton.es\/index.php\/wp-json\/wp\/v2\/comments?post=66"}],"version-history":[{"count":8,"href":"https:\/\/eventosleyton.es\/index.php\/wp-json\/wp\/v2\/pages\/66\/revisions"}],"predecessor-version":[{"id":317,"href":"https:\/\/eventosleyton.es\/index.php\/wp-json\/wp\/v2\/pages\/66\/revisions\/317"}],"wp:attachment":[{"href":"https:\/\/eventosleyton.es\/index.php\/wp-json\/wp\/v2\/media?parent=66"}],"curies":[{"name":"wp","href":"https:\/\/api.w.org\/{rel}","templated":true}]}}